{"id":111,"date":"2024-01-25T19:28:36","date_gmt":"2024-01-25T18:28:36","guid":{"rendered":"https:\/\/takpharma.com\/?page_id=111"},"modified":"2024-01-25T20:03:52","modified_gmt":"2024-01-25T19:03:52","slug":"our-services","status":"publish","type":"page","link":"https:\/\/takpharma.com\/pl\/our-services\/","title":{"rendered":"Nasze us\u0142ugi"},"content":{"rendered":"<div class=\"wp-block-cover alignfull is-light has-parallax has-custom-content-position is-position-bottom-center\" style=\"padding-top:var(--wp--preset--spacing--50);padding-right:var(--wp--preset--spacing--50);padding-bottom:var(--wp--preset--spacing--50);padding-left:var(--wp--preset--spacing--50);min-height:300px;aspect-ratio:unset;\"><span aria-hidden=\"true\" class=\"wp-block-cover__background has-base-background-color has-background-dim-0 has-background-dim\"><\/span><div role=\"img\" class=\"wp-block-cover__image-background wp-image-112 has-parallax\" style=\"background-position:50% 50%;background-image:url(http:\/\/takpharma.com\/wp-content\/uploads\/2024\/01\/matt-briney-0tfz7ZoXaWc-unsplash-scaled.jpg)\"><\/div><div class=\"wp-block-cover__inner-container has-global-padding is-layout-constrained wp-container-core-cover-is-layout-e4fd886c wp-block-cover-is-layout-constrained\">\n<div style=\"height:78px\" aria-hidden=\"true\" class=\"wp-block-spacer\"><\/div>\n\n\n\n<div class=\"wp-block-group alignfull has-base-2-background-color has-background has-global-padding is-layout-constrained wp-container-core-group-is-layout-669513ed wp-block-group-is-layout-constrained\" style=\"margin-top:0;margin-bottom:0;padding-top:var(--wp--preset--spacing--50);padding-right:var(--wp--preset--spacing--50);padding-bottom:var(--wp--preset--spacing--50);padding-left:var(--wp--preset--spacing--50)\">\n<div class=\"wp-block-group is-vertical is-content-justification-center is-layout-flex wp-container-core-group-is-layout-52b864f0 wp-block-group-is-layout-flex\">\n<h2 class=\"wp-block-heading has-text-align-center is-style-asterisk has-custom-tak-pharma-green-color has-text-color has-link-color wp-elements-7265995c7ab3e4349982a609bac9858c\">We provide a wide range of consultancy services for pharmaceutical companies.<\/h2>\n\n\n\n<div style=\"height:0px\" aria-hidden=\"true\" class=\"wp-block-spacer wp-container-content-4f2ccadb\"><\/div>\n\n\n\n<p class=\"has-text-align-center\">TAK Pharma sp. z o.o. to firma konsultingowa specjalizuj\u0105ca si\u0119 w zakresie regulacji farmaceutycznych. Od 2004 roku dzia\u0142a w ca\u0142ej Europie z siedzib\u0105 w Warszawie.<\/p>\n<\/div>\n\n\n\n<div style=\"margin-top:0;margin-bottom:0;height:var(--wp--preset--spacing--40)\" aria-hidden=\"true\" class=\"wp-block-spacer\"><\/div>\n\n\n\n<div class=\"wp-block-columns alignwide is-layout-flex wp-container-core-columns-is-layout-d0bbbce0 wp-block-columns-is-layout-flex\">\n<div class=\"wp-block-column is-layout-flow wp-container-core-column-is-layout-e3d1c41b wp-block-column-is-layout-flow\">\n<h3 class=\"wp-block-heading has-text-align-left is-style-asterisk has-custom-tak-pharma-green-color has-text-color has-link-color has-body-font-family has-medium-font-size wp-elements-5c37be8da8e6b02350b8a18414cee208\" style=\"font-style:normal;font-weight:600\"><strong>Regulacje farmaceutyczne<\/strong><\/h3>\n\n\n\n<p class=\"has-text-align-left\">Zapewnienie zgodno\u015bci z przepisami i wytycznymi rz\u0105dowymi dotycz\u0105cymi rejestracji i bie\u017c\u0105cego przestrzegania przepis\u00f3w dotycz\u0105cych produkt\u00f3w farmaceutycznych.<\/p>\n<\/div>\n\n\n\n<div class=\"wp-block-column is-layout-flow wp-container-core-column-is-layout-e3d1c41b wp-block-column-is-layout-flow\">\n<h3 class=\"wp-block-heading has-text-align-left is-style-asterisk has-custom-tak-pharma-green-color has-text-color has-link-color has-body-font-family has-medium-font-size wp-elements-5956ddab5db952fa81dd0786b5155e8b\" style=\"font-style:normal;font-weight:600\"><strong>Monitorowanie bezpiecze\u0144stwa stosowania produkt\u00f3w leczniczych<\/strong><\/h3>\n\n\n\n<p class=\"has-text-align-left\">Monitorowanie profilu bezpiecze\u0144stwa lek\u00f3w w celu identyfikacji, oceny i zapobiegania dzia\u0142aniom niepo\u017c\u0105danym.<\/p>\n<\/div>\n\n\n\n<div class=\"wp-block-column is-layout-flow wp-container-core-column-is-layout-e3d1c41b wp-block-column-is-layout-flow\">\n<h3 class=\"wp-block-heading has-text-align-left is-style-asterisk has-custom-tak-pharma-green-color has-text-color has-link-color has-body-font-family has-medium-font-size wp-elements-b3ba6bb1a40c7242b77d01fff1cee14e\" style=\"font-style:normal;font-weight:600\"><strong>Pricing i refundacja<\/strong><\/h3>\n\n\n\n<p class=\"has-text-align-left\">Strategiczne ustalanie optymalnych cen produkt\u00f3w leczniczych oraz nawigowanie w procesach refundacji w celu maksymalizacji dost\u0119pu do rynku i przyst\u0119pno\u015bci cenowej.<\/p>\n<\/div>\n<\/div>\n\n\n\n<div style=\"height:var(--wp--preset--spacing--20)\" aria-hidden=\"true\" class=\"wp-block-spacer\"><\/div>\n\n\n\n<div class=\"wp-block-columns alignwide is-layout-flex wp-container-core-columns-is-layout-d0bbbce0 wp-block-columns-is-layout-flex\">\n<div class=\"wp-block-column is-layout-flow wp-container-core-column-is-layout-e3d1c41b wp-block-column-is-layout-flow\">\n<h3 class=\"wp-block-heading has-text-align-left is-style-asterisk has-custom-tak-pharma-green-color has-text-color has-link-color has-body-font-family has-medium-font-size wp-elements-1cb98bf5f38d0f66e4be1bafa07ba1b6\" style=\"font-style:normal;font-weight:600\"><strong>Testy czytelno\u015bci<\/strong><\/h3>\n\n\n\n<p class=\"has-text-align-left\">Ocena czytelno\u015bci i przejrzysto\u015bci materia\u0142\u00f3w pisemnych dotycz\u0105cych produkt\u00f3w leczniczych, w celu stworzenia komunikat\u00f3w \u0142atwych do zrozumienia dla r\u00f3\u017cnych grup odbiorc\u00f3w.<\/p>\n<\/div>\n\n\n\n<div class=\"wp-block-column is-layout-flow wp-container-core-column-is-layout-e3d1c41b wp-block-column-is-layout-flow\">\n<h3 class=\"wp-block-heading has-text-align-left is-style-asterisk has-custom-tak-pharma-green-color has-text-color has-link-color has-body-font-family has-medium-font-size wp-elements-8787092f0a7fe29d796a491bf748e65e\" style=\"font-style:normal;font-weight:600\"><strong>T\u0142umaczenia medyczne (polski, angielski, francuski)<\/strong><\/h3>\n\n\n\n<p class=\"has-text-align-left\">Tworzenie dok\u0142adnych t\u0142umacze\u0144 dokument\u00f3w medycznych mi\u0119dzy j\u0119zykami polskim, angielskim i francuskim. U\u0142atwianie globalnej komunikacji w bran\u017cy opieki zdrowotnej.<\/p>\n<\/div>\n\n\n\n<div class=\"wp-block-column is-layout-flow wp-container-core-column-is-layout-e3d1c41b wp-block-column-is-layout-flow\">\n<h3 class=\"wp-block-heading has-text-align-left is-style-asterisk has-custom-tak-pharma-green-color has-text-color has-link-color has-body-font-family has-medium-font-size wp-elements-2b49cfdf81b58a4d85e39f26de142bc2\" style=\"font-style:normal;font-weight:600\"><strong>Ocena materia\u0142\u00f3w promocyjnych<\/strong><\/h3>\n\n\n\n<p class=\"has-text-align-left\">Ocena materia\u0142\u00f3w promocyjnych i zapewnianie zgodno\u015bci z normami regulacyjnymi, dbaj\u0105c o dok\u0142adno\u015b\u0107 i adekwatno\u015b\u0107 tre\u015bci marketingowych dotycz\u0105cych produkt\u00f3w leczniczych.<\/p>\n<\/div>\n<\/div>\n\n\n\n<div class=\"wp-block-columns alignwide is-layout-flex wp-container-core-columns-is-layout-d0bbbce0 wp-block-columns-is-layout-flex\">\n<div class=\"wp-block-column is-layout-flow wp-container-core-column-is-layout-e3d1c41b wp-block-column-is-layout-flow\">\n<h3 class=\"wp-block-heading has-text-align-left is-style-asterisk has-custom-tak-pharma-green-color has-text-color has-link-color has-body-font-family has-medium-font-size wp-elements-363ee27dfb14255348c62d41dee90717\" style=\"font-style:normal;font-weight:600\"><strong>Wyroby medyczne<\/strong><\/h3>\n\n\n\n<p class=\"has-text-align-left\">Zarz\u0105dzanie procesami regulacyjnymi dla wyrob\u00f3w medycznych, w tym uzyskiwanie niezb\u0119dnych zatwierdze\u0144, zapewnianie zgodno\u015bci z normami jako\u015bci oraz rozwi\u0105zywanie kwestii bezpiecze\u0144stwa w celu spe\u0142nienia wymaga\u0144 regulacyjnych.<\/p>\n<\/div>\n\n\n\n<div class=\"wp-block-column is-layout-flow wp-container-core-column-is-layout-e3d1c41b wp-block-column-is-layout-flow\">\n<h3 class=\"wp-block-heading has-text-align-left is-style-asterisk has-custom-tak-pharma-green-color has-text-color has-link-color has-body-font-family has-medium-font-size wp-elements-902536e9eb46998bd6320757f72bad27\" style=\"font-style:normal;font-weight:600\"><strong>Suplementy diety<\/strong><\/h3>\n\n\n\n<p class=\"has-text-align-left\">Nawigowanie w ramach regulacyjnych w celu zapewnienia zgodno\u015bci z normami bezpiecze\u0144stwa, wymaganiami etykietowania i sk\u0142adnikami dla suplement\u00f3w diety. Uzyskiwanie niezb\u0119dnych pozwole\u0144 do marketingu i dystrybucji.<\/p>\n<\/div>\n\n\n\n<div class=\"wp-block-column is-layout-flow wp-container-core-column-is-layout-e3d1c41b wp-block-column-is-layout-flow\">\n<h3 class=\"wp-block-heading has-text-align-left is-style-asterisk has-custom-tak-pharma-green-color has-text-color has-link-color has-body-font-family has-medium-font-size wp-elements-8255f7d231a4a96a0070afcc1287805c\" style=\"font-style:normal;font-weight:600\"><strong>Kosmetyki<\/strong><\/h3>\n\n\n\n<p class=\"has-text-align-left\">Przestrzeganie wytycznych regulacyjnych w celu zapewnienia bezpiecze\u0144stwa, jako\u015bci i dok\u0142adno\u015bci m.in. etykietowania produkt\u00f3w kosmetycznych, uzyskiwania niezb\u0119dnych pozwole\u0144 oraz rozwi\u0105zywania kwestii regulacyjnych dotycz\u0105cych sk\u0142adnik\u00f3w, deklaracji marketingowych i bezpiecze\u0144stwem produkt\u00f3w.<\/p>\n<\/div>\n<\/div>\n<\/div>\n<\/div><\/div>","protected":false},"excerpt":{"rendered":"","protected":false},"author":1,"featured_media":0,"parent":0,"menu_order":0,"comment_status":"closed","ping_status":"closed","template":"","meta":{"footnotes":""},"class_list":["post-111","page","type-page","status-publish","hentry"],"yoast_head":"<!-- This site is optimized with the Yoast SEO plugin v27.1.1 - https:\/\/yoast.com\/product\/yoast-seo-wordpress\/ -->\n<title>Our Services -<\/title>\n<meta name=\"robots\" content=\"index, follow, max-snippet:-1, max-image-preview:large, max-video-preview:-1\" \/>\n<link rel=\"canonical\" href=\"https:\/\/takpharma.com\/pl\/our-services\/\" \/>\n<meta property=\"og:locale\" content=\"pl_PL\" \/>\n<meta property=\"og:type\" content=\"article\" \/>\n<meta property=\"og:title\" content=\"Our Services -\" \/>\n<meta property=\"og:url\" content=\"https:\/\/takpharma.com\/pl\/our-services\/\" \/>\n<meta property=\"article:modified_time\" content=\"2024-01-25T19:03:52+00:00\" \/>\n<meta property=\"og:image\" content=\"https:\/\/takpharma.com\/wp-content\/uploads\/2023\/12\/TAK-Pharma.png\" \/>\n\t<meta property=\"og:image:width\" content=\"563\" \/>\n\t<meta property=\"og:image:height\" content=\"563\" \/>\n\t<meta property=\"og:image:type\" content=\"image\/png\" \/>\n<meta name=\"twitter:card\" content=\"summary_large_image\" \/>\n<meta name=\"twitter:label1\" content=\"Szacowany czas czytania\" \/>\n\t<meta name=\"twitter:data1\" content=\"1 minuta\" \/>\n<script type=\"application\/ld+json\" class=\"yoast-schema-graph\">{\"@context\":\"https:\/\/schema.org\",\"@graph\":[{\"@type\":\"WebPage\",\"@id\":\"https:\/\/takpharma.com\/our-services\/\",\"url\":\"https:\/\/takpharma.com\/our-services\/\",\"name\":\"Our Services -\",\"isPartOf\":{\"@id\":\"https:\/\/takpharma.com\/#website\"},\"datePublished\":\"2024-01-25T18:28:36+00:00\",\"dateModified\":\"2024-01-25T19:03:52+00:00\",\"breadcrumb\":{\"@id\":\"https:\/\/takpharma.com\/our-services\/#breadcrumb\"},\"inLanguage\":\"pl-PL\",\"potentialAction\":[{\"@type\":\"ReadAction\",\"target\":[\"https:\/\/takpharma.com\/our-services\/\"]}]},{\"@type\":\"BreadcrumbList\",\"@id\":\"https:\/\/takpharma.com\/our-services\/#breadcrumb\",\"itemListElement\":[{\"@type\":\"ListItem\",\"position\":1,\"name\":\"Home\",\"item\":\"https:\/\/takpharma.com\/\"},{\"@type\":\"ListItem\",\"position\":2,\"name\":\"Our Services\"}]},{\"@type\":\"WebSite\",\"@id\":\"https:\/\/takpharma.com\/#website\",\"url\":\"https:\/\/takpharma.com\/\",\"name\":\"TAK Pharma\",\"description\":\"Services for pharmaceutical companies\",\"publisher\":{\"@id\":\"https:\/\/takpharma.com\/#organization\"},\"potentialAction\":[{\"@type\":\"SearchAction\",\"target\":{\"@type\":\"EntryPoint\",\"urlTemplate\":\"https:\/\/takpharma.com\/?s={search_term_string}\"},\"query-input\":{\"@type\":\"PropertyValueSpecification\",\"valueRequired\":true,\"valueName\":\"search_term_string\"}}],\"inLanguage\":\"pl-PL\"},{\"@type\":\"Organization\",\"@id\":\"https:\/\/takpharma.com\/#organization\",\"name\":\"TAK Pharma Sp. z o. o.\",\"url\":\"https:\/\/takpharma.com\/\",\"logo\":{\"@type\":\"ImageObject\",\"inLanguage\":\"pl-PL\",\"@id\":\"https:\/\/takpharma.com\/#\/schema\/logo\/image\/\",\"url\":\"https:\/\/takpharma.com\/wp-content\/uploads\/2023\/12\/TAK-Pharma-logo.jpg\",\"contentUrl\":\"https:\/\/takpharma.com\/wp-content\/uploads\/2023\/12\/TAK-Pharma-logo.jpg\",\"width\":454,\"height\":309,\"caption\":\"TAK Pharma Sp. z o. o.\"},\"image\":{\"@id\":\"https:\/\/takpharma.com\/#\/schema\/logo\/image\/\"}}]}<\/script>\n<!-- \/ Yoast SEO plugin. -->","yoast_head_json":{"title":"Our Services -","robots":{"index":"index","follow":"follow","max-snippet":"max-snippet:-1","max-image-preview":"max-image-preview:large","max-video-preview":"max-video-preview:-1"},"canonical":"https:\/\/takpharma.com\/pl\/our-services\/","og_locale":"pl_PL","og_type":"article","og_title":"Our Services -","og_url":"https:\/\/takpharma.com\/pl\/our-services\/","article_modified_time":"2024-01-25T19:03:52+00:00","og_image":[{"width":563,"height":563,"url":"https:\/\/takpharma.com\/wp-content\/uploads\/2023\/12\/TAK-Pharma.png","type":"image\/png"}],"twitter_card":"summary_large_image","twitter_misc":{"Szacowany czas czytania":"1 minuta"},"schema":{"@context":"https:\/\/schema.org","@graph":[{"@type":"WebPage","@id":"https:\/\/takpharma.com\/our-services\/","url":"https:\/\/takpharma.com\/our-services\/","name":"Our Services -","isPartOf":{"@id":"https:\/\/takpharma.com\/#website"},"datePublished":"2024-01-25T18:28:36+00:00","dateModified":"2024-01-25T19:03:52+00:00","breadcrumb":{"@id":"https:\/\/takpharma.com\/our-services\/#breadcrumb"},"inLanguage":"pl-PL","potentialAction":[{"@type":"ReadAction","target":["https:\/\/takpharma.com\/our-services\/"]}]},{"@type":"BreadcrumbList","@id":"https:\/\/takpharma.com\/our-services\/#breadcrumb","itemListElement":[{"@type":"ListItem","position":1,"name":"Home","item":"https:\/\/takpharma.com\/"},{"@type":"ListItem","position":2,"name":"Our Services"}]},{"@type":"WebSite","@id":"https:\/\/takpharma.com\/#website","url":"https:\/\/takpharma.com\/","name":"TAK Pharma","description":"Us\u0142ugi dla firm farmaceutycznych","publisher":{"@id":"https:\/\/takpharma.com\/#organization"},"potentialAction":[{"@type":"SearchAction","target":{"@type":"EntryPoint","urlTemplate":"https:\/\/takpharma.com\/?s={search_term_string}"},"query-input":{"@type":"PropertyValueSpecification","valueRequired":true,"valueName":"search_term_string"}}],"inLanguage":"pl-PL"},{"@type":"Organization","@id":"https:\/\/takpharma.com\/#organization","name":"TAK Pharma Sp. z o. o.","url":"https:\/\/takpharma.com\/","logo":{"@type":"ImageObject","inLanguage":"pl-PL","@id":"https:\/\/takpharma.com\/#\/schema\/logo\/image\/","url":"https:\/\/takpharma.com\/wp-content\/uploads\/2023\/12\/TAK-Pharma-logo.jpg","contentUrl":"https:\/\/takpharma.com\/wp-content\/uploads\/2023\/12\/TAK-Pharma-logo.jpg","width":454,"height":309,"caption":"TAK Pharma Sp. z o. o."},"image":{"@id":"https:\/\/takpharma.com\/#\/schema\/logo\/image\/"}}]}},"_links":{"self":[{"href":"https:\/\/takpharma.com\/pl\/wp-json\/wp\/v2\/pages\/111","targetHints":{"allow":["GET"]}}],"collection":[{"href":"https:\/\/takpharma.com\/pl\/wp-json\/wp\/v2\/pages"}],"about":[{"href":"https:\/\/takpharma.com\/pl\/wp-json\/wp\/v2\/types\/page"}],"author":[{"embeddable":true,"href":"https:\/\/takpharma.com\/pl\/wp-json\/wp\/v2\/users\/1"}],"replies":[{"embeddable":true,"href":"https:\/\/takpharma.com\/pl\/wp-json\/wp\/v2\/comments?post=111"}],"version-history":[{"count":5,"href":"https:\/\/takpharma.com\/pl\/wp-json\/wp\/v2\/pages\/111\/revisions"}],"predecessor-version":[{"id":129,"href":"https:\/\/takpharma.com\/pl\/wp-json\/wp\/v2\/pages\/111\/revisions\/129"}],"wp:attachment":[{"href":"https:\/\/takpharma.com\/pl\/wp-json\/wp\/v2\/media?parent=111"}],"curies":[{"name":"wp","href":"https:\/\/api.w.org\/{rel}","templated":true}]}}